{"id":47117,"date":"2020-08-28T14:26:08","date_gmt":"2020-08-28T19:26:08","guid":{"rendered":"https:\/\/autocinemacocodrilo.com\/?post_type=product&#038;p=47117"},"modified":"2020-09-08T03:09:15","modified_gmt":"2020-09-08T03:09:15","slug":"500diasconella04sep20","status":"publish","type":"product","link":"https:\/\/design.autocinemacocodrilo.com\/cholula\/producto\/500diasconella04sep20\/","title":{"rendered":"(500) D\u00edas con Ella 04\/sep\/20"},"content":{"rendered":"<p><strong>500 D\u00edas con Ella<br \/>\n<\/strong><\/p>\n<p>((500) Days of Summer)<\/p>\n<p>A\u00f1o: 2009<\/p>\n<p>Pa\u00eds: Estados Unidos<\/p>\n<p>Duraci\u00f3n: 96 min.<\/p>\n<p>Director: Marc Webb<\/p>\n","protected":false},"excerpt":{"rendered":"<p><strong>Sinopsis:<\/strong> Tom a\u00fan sigue creyendo, incluso en este c\u00ednico mundo moderno, en la noci\u00f3n de un amor transformador, predestinado por el cosmos y que golpea como un rayo s\u00f3lo una vez. Summer no cree lo mismo, para nada. La mecha se enciende desde el primer d\u00eda, cuando Tom, un arquitecto en ciernes convertido en un sensiblero escritor de tarjetas de felicitaci\u00f3n, se encuentra con Summer, la bella y fresca nueva secretaria de su jefe. Aunque aparentemente est\u00e1 fuera de su alcance, Tom pronto descubre que tienen un mont\u00f3n de cosas en com\u00fan. La historia de Tom y Summer cubre desde el enamoramiento, las citas y el sexo hasta la separaci\u00f3n, las recriminaciones y la redenci\u00f3n, todo lo cual se suma al caleidosc\u00f3pico retrato del porqu\u00e9 y el c\u00f3mo seguimos esforz\u00e1ndonos de modo tan risible y rastrero para encontrar sentido al amor\u2026 y esperar convertirlo en realidad.<\/p>\n","protected":false},"author":2,"featured_media":47206,"template":"","meta":[],"product_cat":[17,44],"product_tag":[],"class_list":["post-47117","product","type-product","status-publish","has-post-thumbnail","hentry","product_cat-cine","product_cat-sin-categoria"],"_links":{"self":[{"href":"https:\/\/design.autocinemacocodrilo.com\/cholula\/wp-json\/wp\/v2\/product\/47117","targetHints":{"allow":["GET"]}}],"collection":[{"href":"https:\/\/design.autocinemacocodrilo.com\/cholula\/wp-json\/wp\/v2\/product"}],"about":[{"href":"https:\/\/design.autocinemacocodrilo.com\/cholula\/wp-json\/wp\/v2\/types\/product"}],"author":[{"embeddable":true,"href":"https:\/\/design.autocinemacocodrilo.com\/cholula\/wp-json\/wp\/v2\/users\/2"}],"wp:featuredmedia":[{"embeddable":true,"href":"https:\/\/design.autocinemacocodrilo.com\/cholula\/wp-json\/wp\/v2\/media\/47206"}],"wp:attachment":[{"href":"https:\/\/design.autocinemacocodrilo.com\/cholula\/wp-json\/wp\/v2\/media?parent=47117"}],"wp:term":[{"taxonomy":"product_cat","embeddable":true,"href":"https:\/\/design.autocinemacocodrilo.com\/cholula\/wp-json\/wp\/v2\/product_cat?post=47117"},{"taxonomy":"product_tag","embeddable":true,"href":"https:\/\/design.autocinemacocodrilo.com\/cholula\/wp-json\/wp\/v2\/product_tag?post=47117"}],"curies":[{"name":"wp","href":"https:\/\/api.w.org\/{rel}","templated":true}]}}