{"id":47121,"date":"2020-08-28T14:40:25","date_gmt":"2020-08-28T19:40:25","guid":{"rendered":"https:\/\/autocinemacocodrilo.com\/?post_type=product&#038;p=47121"},"modified":"2020-09-05T04:45:26","modified_gmt":"2020-09-05T04:45:26","slug":"bridgetjones04sep20","status":"publish","type":"product","link":"https:\/\/design.autocinemacocodrilo.com\/cholula\/producto\/bridgetjones04sep20\/","title":{"rendered":"El Beb\u00e9 de Bridget Jones 04\/sep\/20"},"content":{"rendered":"<p><strong>El Beb\u00e9 de Bridge Jones<br \/>\n<\/strong><\/p>\n<p>(Bridget Jones&#8217;s Baby)<\/p>\n<p>A\u00f1o: 2016<\/p>\n<p>Pa\u00eds: Reino Unido<\/p>\n<p>Duraci\u00f3n: 122 min.<\/p>\n<p>Director: Sharon Maguire<\/p>\n","protected":false},"excerpt":{"rendered":"<p><strong>Sinopsis:<\/strong> Despu\u00e9s de romper con Mark Darcy, Bridget Jones, con los cuarenta reci\u00e9n cumplidos y soltera de nuevo, decide centrarse en su trabajo y rodearse de antiguos y nuevos amigos. Por una vez en su vida, Bridget parece tenerlo todo bajo control. Pero su vida amorosa toma una nueva direcci\u00f3n cuando conoce a un elegante estadounidense llamado Jack, un gal\u00e1n que tiene todo lo que no tiene el Sr. Darcy. Descubre que est\u00e1 embarazada, pero no sabe a ciencia cierta qui\u00e9n es el padre.<\/p>\n","protected":false},"author":2,"featured_media":47207,"template":"","meta":[],"product_cat":[17,44],"product_tag":[],"class_list":["post-47121","product","type-product","status-publish","has-post-thumbnail","hentry","product_cat-cine","product_cat-sin-categoria"],"_links":{"self":[{"href":"https:\/\/design.autocinemacocodrilo.com\/cholula\/wp-json\/wp\/v2\/product\/47121","targetHints":{"allow":["GET"]}}],"collection":[{"href":"https:\/\/design.autocinemacocodrilo.com\/cholula\/wp-json\/wp\/v2\/product"}],"about":[{"href":"https:\/\/design.autocinemacocodrilo.com\/cholula\/wp-json\/wp\/v2\/types\/product"}],"author":[{"embeddable":true,"href":"https:\/\/design.autocinemacocodrilo.com\/cholula\/wp-json\/wp\/v2\/users\/2"}],"wp:featuredmedia":[{"embeddable":true,"href":"https:\/\/design.autocinemacocodrilo.com\/cholula\/wp-json\/wp\/v2\/media\/47207"}],"wp:attachment":[{"href":"https:\/\/design.autocinemacocodrilo.com\/cholula\/wp-json\/wp\/v2\/media?parent=47121"}],"wp:term":[{"taxonomy":"product_cat","embeddable":true,"href":"https:\/\/design.autocinemacocodrilo.com\/cholula\/wp-json\/wp\/v2\/product_cat?post=47121"},{"taxonomy":"product_tag","embeddable":true,"href":"https:\/\/design.autocinemacocodrilo.com\/cholula\/wp-json\/wp\/v2\/product_tag?post=47121"}],"curies":[{"name":"wp","href":"https:\/\/api.w.org\/{rel}","templated":true}]}}