{"id":47135,"date":"2020-08-28T15:09:36","date_gmt":"2020-08-28T20:09:36","guid":{"rendered":"https:\/\/autocinemacocodrilo.com\/?post_type=product&#038;p=47135"},"modified":"2020-09-08T02:36:44","modified_gmt":"2020-09-08T02:36:44","slug":"annabelle05sep20","status":"publish","type":"product","link":"https:\/\/design.autocinemacocodrilo.com\/cholula\/producto\/annabelle05sep20\/","title":{"rendered":"Annabelle 3: Viene a Casa 05\/sep\/20"},"content":{"rendered":"<p><strong>Annabelle 3 : Viene a Casa<br \/>\n<\/strong><\/p>\n<p>(Annabelle Comes Home)<\/p>\n<p>A\u00f1o: 2019<\/p>\n<p>Pa\u00eds: Estados Unidos<\/p>\n<p>Duraci\u00f3n: 106 min.<\/p>\n<p>Director: Gary Dauberman<\/p>\n","protected":false},"excerpt":{"rendered":"<p><strong>Sinopsis:<\/strong> Los demon\u00f3logos Ed y Lorraine Warren est\u00e1n decididos a evitar que Annabelle cause m\u00e1s estragos, as\u00ed que llevan a la mu\u00f1eca pose\u00edda a la sala de objetos bajo llave que tienen en su casa. La colocan \u00aba salvo\u00bb en una vitrina sagrada bendecida por un sacerdote. Pero una terror\u00edfica noche nada santa, Annabelle despierta a los esp\u00edritus malignos de la habitaci\u00f3n, que se fijan en nuevos objetivos: la hija de diez a\u00f1os de los Warren, Judy, su ni\u00f1era y una amiga de esta.<\/p>\n","protected":false},"author":2,"featured_media":47208,"template":"","meta":[],"product_cat":[17,44],"product_tag":[],"class_list":["post-47135","product","type-product","status-publish","has-post-thumbnail","hentry","product_cat-cine","product_cat-sin-categoria"],"_links":{"self":[{"href":"https:\/\/design.autocinemacocodrilo.com\/cholula\/wp-json\/wp\/v2\/product\/47135","targetHints":{"allow":["GET"]}}],"collection":[{"href":"https:\/\/design.autocinemacocodrilo.com\/cholula\/wp-json\/wp\/v2\/product"}],"about":[{"href":"https:\/\/design.autocinemacocodrilo.com\/cholula\/wp-json\/wp\/v2\/types\/product"}],"author":[{"embeddable":true,"href":"https:\/\/design.autocinemacocodrilo.com\/cholula\/wp-json\/wp\/v2\/users\/2"}],"wp:featuredmedia":[{"embeddable":true,"href":"https:\/\/design.autocinemacocodrilo.com\/cholula\/wp-json\/wp\/v2\/media\/47208"}],"wp:attachment":[{"href":"https:\/\/design.autocinemacocodrilo.com\/cholula\/wp-json\/wp\/v2\/media?parent=47135"}],"wp:term":[{"taxonomy":"product_cat","embeddable":true,"href":"https:\/\/design.autocinemacocodrilo.com\/cholula\/wp-json\/wp\/v2\/product_cat?post=47135"},{"taxonomy":"product_tag","embeddable":true,"href":"https:\/\/design.autocinemacocodrilo.com\/cholula\/wp-json\/wp\/v2\/product_tag?post=47135"}],"curies":[{"name":"wp","href":"https:\/\/api.w.org\/{rel}","templated":true}]}}